{"id":2452,"date":"2025-08-18T18:22:12","date_gmt":"2025-08-18T16:22:12","guid":{"rendered":"https:\/\/www.polsole.com\/?page_id=2452"},"modified":"2025-11-11T16:00:48","modified_gmt":"2025-11-11T15:00:48","slug":"declaracio-d-accessibilitat","status":"publish","type":"page","link":"https:\/\/www.polsole.com\/ca\/declaracio-d-accessibilitat\/","title":{"rendered":"Declaraci\u00f3 d\u2019accesibiltiat"},"content":{"rendered":"\n<p><strong>Serveis d\u2019Internet Javajan SL<\/strong>,&nbsp; s\u2019ha comprom\u00e8s a fer accessibles els seus llocs web, de conformitat amb el&nbsp; <a href=\"https:\/\/www.boe.es\/buscar\/act.php?id=BOE-A-2018-12699\" target=\"_blank\" rel=\"noopener\"><strong>Real Decreto 1112\/2018<\/strong><\/a>, del 7 de setembre, sobre accessibilitat dels llocs web i aplicacions per a dispositius m\u00f2bils, per la qual es trasposa a l&#8217;ordenament jur\u00eddic espanyol la <a href=\"http:\/\/eur-lex.europa.eu\/legal-content\/ES\/TXT\/?uri=uriserv:OJ.L_.2016.327.01.0001.01.SPA&amp;toc=OJ:L:2016:327:FULL\" target=\"_blank\" rel=\"noopener\">Directiva (UE) 2016\/2102 del Parlamento Europeo y del Consejo<\/a>.<\/p>\n\n\n\n<p>La present declaraci\u00f3 d\u2019accessibilitat s\u2019aplica al web <a href=\"https:\/\/www.polsole.com\/\">https:\/\/www.polsole.com\/<\/a>&nbsp;<\/p>\n\n\n\n<h2 id=\"situacio-de-compliment\" class=\"wp-block-heading\">Situaci\u00f3 de compliment<\/h2>\n\n\n\n<p>Aquest lloc web \u00e9s parcialment <strong>&nbsp;conforme<\/strong> amb el <a href=\"https:\/\/www.boe.es\/diario_boe\/txt.php?id=BOE-A-2018-12699\" target=\"_blank\" rel=\"noopener\"><strong>RD 1112\/2018<\/strong><\/a> a causa de les excepcions i de la manca de conformitat dels aspectes que s&#8217;indiquen a continuaci\u00f3.<\/p>\n\n\n\n<h2 id=\"contingut-no-accessible\" class=\"wp-block-heading\">Contingut no accessible<\/h2>\n\n\n\n<p>El contingut que es recull a continuaci\u00f3 no \u00e9s accessible pel seg\u00fcent:<\/p>\n\n\n\n<ol class=\"wp-block-list\">\n<li><strong>Falta de conformitat amb el\u00a0 RD 1112\/2018<\/strong>\n<ul class=\"wp-block-list\">\n<li>A causa de l&#8217;automatitzaci\u00f3 d&#8217;algunes de les publicacions podrien existir p\u00e0gines amb un incorrecte nidament d&#8217;etiquetes HTML.<\/li>\n\n\n\n<li>Hi ha documents en format PDF que no compleixen amb la normativa.<\/li>\n\n\n\n<li>Podrien haver-hi errors puntuals d&#8217;edici\u00f3 en alguna p\u00e0gina web.<\/li>\n<\/ul>\n<\/li>\n\n\n\n<li><strong>Carga desproporcionada<\/strong>\n<ul class=\"wp-block-list\">\n<li>No aplica.<\/li>\n<\/ul>\n<\/li>\n\n\n\n<li><strong>Contingut que no entra dins de l&#8217;\u00e0mbit de la legislaci\u00f3 aplicable<\/strong>\n<ul class=\"wp-block-list\">\n<li>Fitxers ofim\u00e0tics en PDF o altres formats, aix\u00ed com aplicacions publicades abans del 20 de setembre de 2018 que no compleixin totalment tots els requisits d&#8217;accessibilitat.<\/li>\n\n\n\n<li>Continguts multim\u00e8dia en directe.<\/li>\n\n\n\n<li>Contingut multim\u00e8dia pregravat publicat abans de l&#8217;entrada en vigor del Reial Decret.<\/li>\n\n\n\n<li>Serveis de mapa en l\u00ednia.<\/li>\n<\/ul>\n<\/li>\n<\/ol>\n\n\n\n<h2 id=\"preparacio-daquesta-declaracio-daccessibilitat\" class=\"wp-block-heading\">Preparaci\u00f3 d&#8217;aquesta declaraci\u00f3 d&#8217;accessibilitat<\/h2>\n\n\n\n<p>Aquesta declaraci\u00f3 va ser preparada el 24 de maig de 2023 i est\u00e0 basada en els informes d&#8217;accessibilitat web del <a href=\"https:\/\/administracionelectronica.gob.es\/pae_Home\/pae_Estrategias\/pae_Accesibilidad.html\" target=\"_blank\" rel=\"noopener\"><strong>Observatorio de Accesibilidad<\/strong><\/a>.<\/p>\n\n\n\n<p>La data de la darrera revisi\u00f3 ha estat el 23 de febrer de 2023.<\/p>\n\n\n\n<h2 id=\"observacions-i-dades-de-contacte\" class=\"wp-block-heading\">Observacions i dades de contacte<\/h2>\n\n\n\n<p>Podeu realitzar <strong>comunicacions <\/strong>sobre requisits d&#8217;accessibilitat (article 10.2 del RD 1112\/2018) com ara:<\/p>\n\n\n\n<ul class=\"wp-block-list\">\n<li>informar sobre qualsevol possible incompliment per part d&#8217;aquest lloc web<\/li>\n\n\n\n<li>transmitir altres <strong>dificultats d\u2019acc\u00e9s<\/strong> al contingut<\/li>\n\n\n\n<li>formular qualsevol altre <strong>consulta o sugger\u00e8ncia de millora <\/strong>relativa a l\u2019accessibilitat del lloc web.<\/li>\n<\/ul>\n\n\n\n<p>a trav\u00e9s del correu electr\u00f2nic <a href=\"mailto:info@javajan.com\">info@javajan.com<\/a> indicant en l\u2019assumpte el nom de la p\u00e0gina.<\/p>\n\n\n\n<h2 id=\"contingut-opcional\" class=\"wp-block-heading\">Contingut opcional<\/h2>\n\n\n\n<p>Aquest lloc web:<\/p>\n\n\n\n<p>S&#8217;ha realitzat utilitzant HTML5 com a llenguatge de marcatge i fulls d&#8217;estil CSS 3 pel disseny.<\/p>\n\n\n\n<p>S&#8217;ha dissenyat adaptant-se als est\u00e0ndards i normatives vigents en relaci\u00f3 amb l&#8217;accessibilitat, complint amb els punts de verificaci\u00f3 de prioritat 2 (AA) definits a l&#8217;especificaci\u00f3 de Pautes d&#8217;Accessibilitat al Contingut a la Web (WCAG 2.1).<\/p>\n\n\n\n<p>Compleix els requisits de la Norma <a href=\"https:\/\/administracionelectronica.gob.es\/pae_Home\/dam\/jcr:2352eaaf-2ee8-4501-a67b-bb682c6de934\/Norma_UNE-EN_301549.pdf\" target=\"_blank\" rel=\"noopener\">UNE-EN 301549 v1.1.2:2015<\/a>, considerant les excepcions del Real Decreto 1112\/2018.<\/p>\n\n\n\n<p>Est\u00e0 dissenyat per a la seva correcta visualitzaci\u00f3 en dispositius d\u2019escriptori, tablet i m\u00f2bils per a una resoluci\u00f3 m\u00ednima de <strong>1280&#215;1024.<\/strong><\/p>\n\n\n\n<p><\/p>\n","protected":false},"excerpt":{"rendered":"Serveis d\u2019Internet Javajan SL,&nbsp; s\u2019ha comprom\u00e8s a fer accessibles els seus llocs web, de conformitat amb el&nbsp; Real&hellip;\n","protected":false},"author":1,"featured_media":0,"parent":0,"menu_order":0,"comment_status":"closed","ping_status":"closed","template":"elementor_theme","meta":{"csco_display_header_overlay":false,"csco_page_header_type":"","csco_page_load_nextpost":"","csco_post_video_location":[],"csco_post_video_location_hash":"","csco_post_video_url":"","csco_post_video_bg_start_time":0,"csco_post_video_bg_end_time":0,"footnotes":""},"class_list":{"0":"post-2452","1":"page","2":"type-page","3":"status-publish","5":"cs-entry","6":"cs-video-wrap"},"_links":{"self":[{"href":"https:\/\/www.polsole.com\/ca\/wp-json\/wp\/v2\/pages\/2452","targetHints":{"allow":["GET"]}}],"collection":[{"href":"https:\/\/www.polsole.com\/ca\/wp-json\/wp\/v2\/pages"}],"about":[{"href":"https:\/\/www.polsole.com\/ca\/wp-json\/wp\/v2\/types\/page"}],"author":[{"embeddable":true,"href":"https:\/\/www.polsole.com\/ca\/wp-json\/wp\/v2\/users\/1"}],"replies":[{"embeddable":true,"href":"https:\/\/www.polsole.com\/ca\/wp-json\/wp\/v2\/comments?post=2452"}],"version-history":[{"count":1,"href":"https:\/\/www.polsole.com\/ca\/wp-json\/wp\/v2\/pages\/2452\/revisions"}],"predecessor-version":[{"id":3512,"href":"https:\/\/www.polsole.com\/ca\/wp-json\/wp\/v2\/pages\/2452\/revisions\/3512"}],"wp:attachment":[{"href":"https:\/\/www.polsole.com\/ca\/wp-json\/wp\/v2\/media?parent=2452"}],"curies":[{"name":"wp","href":"https:\/\/api.w.org\/{rel}","templated":true}]}}