{"id":2559,"date":"2025-08-18T18:22:12","date_gmt":"2025-08-18T16:22:12","guid":{"rendered":"https:\/\/www.polsole.com\/?page_id=2559"},"modified":"2025-11-11T16:02:44","modified_gmt":"2025-11-11T15:02:44","slug":"declaracion-de-accesibilidad","status":"publish","type":"page","link":"https:\/\/www.polsole.com\/es\/declaracion-de-accesibilidad\/","title":{"rendered":"Declaraci\u00f3n de Accesibilidad"},"content":{"rendered":"\n<p><strong>Serveis d\u2019Internet Javajan SL<\/strong>,&nbsp; se ha comprometido a hacer accesibles sus sitios web, de conformidad con el <a href=\"https:\/\/www.boe.es\/buscar\/act.php?id=BOE-A-2018-12699\" target=\"_blank\" rel=\"noopener\"><strong>Real Decreto 1112\/2018<\/strong><\/a>, de 7 de septiembre, sobre accesibilidad de los sitios web y aplicaciones para dispositivos m\u00f3viles, por la que se traspone al ordenamiento jur\u00eddico espa\u00f1ol la <a href=\"http:\/\/eur-lex.europa.eu\/legal-content\/ES\/TXT\/?uri=uriserv:OJ.L_.2016.327.01.0001.01.SPA&amp;toc=OJ:L:2016:327:FULL\" target=\"_blank\" rel=\"noopener\">Directiva (UE) 2016\/2102 del Parlamento Europeo y del Consejo<\/a>.<\/p>\n\n\n\n<p>La presente declaraci\u00f3n de accesibilidad se aplica al web <a href=\"https:\/\/www.polsole.com\/es\/\">https:\/\/www.polsole.com\/<\/a>&nbsp;<\/p>\n\n\n\n<h2 id=\"situacion-de-cumplimiento\" class=\"wp-block-heading\">Situaci\u00f3n de cumplimiento<\/h2>\n\n\n\n<p>Este sitio web es parcialmente<strong> conforme<\/strong> con el <a href=\"https:\/\/www.boe.es\/diario_boe\/txt.php?id=BOE-A-2018-12699\" target=\"_blank\" rel=\"noopener\"><strong>RD 1112\/2018<\/strong><\/a> debido a las excepciones y a la falta de conformidad de los aspectos que se indican a continuaci\u00f3n.<\/p>\n\n\n\n<h2 id=\"contenido-no-accesible\" class=\"wp-block-heading\">Contenido no accesible<\/h2>\n\n\n\n<p>El contenido que se recoge a continuaci\u00f3n no es accesible por lo siguiente:<\/p>\n\n\n\n<ol class=\"wp-block-list\">\n<li><strong>Falta de conformidad con el RD 1112\/2018<\/strong>\n<ul class=\"wp-block-list\">\n<li>Debido a la automatizaci\u00f3n de algunas de las publicaciones podr\u00edan existir p\u00e1ginas con un incorrecto anidamiento de etiquetas HTML.<\/li>\n\n\n\n<li>Existen documentos en formato PDF que no cumplen con la normativa.<\/li>\n\n\n\n<li>Podr\u00edan existir fallos puntuales de edici\u00f3n en alguna p\u00e1gina web.<\/li>\n<\/ul>\n<\/li>\n\n\n\n<li><strong>Carga desproporcionada<\/strong>\n<ul class=\"wp-block-list\">\n<li>No aplica.<\/li>\n<\/ul>\n<\/li>\n\n\n\n<li><strong>Contenido que no entra dentro del \u00e1mbito de la legislaci\u00f3n aplicable<\/strong>\n<ul class=\"wp-block-list\">\n<li>Archivos ofim\u00e1ticos en PDF u otros formatos, as\u00ed como aplicaciones publicadas antes del 20 de septiembre de 2018 que no cumplan en su totalidad todos los requisitos de accesibilidad.<\/li>\n\n\n\n<li>Contenidos multimedia en directo.<\/li>\n\n\n\n<li>Contenido multimedia pregrabado publicado antes de la entrada en vigor del Real Decreto.<\/li>\n\n\n\n<li>Servicios de mapa en l\u00ednea.<\/li>\n<\/ul>\n<\/li>\n<\/ol>\n\n\n\n<h2 id=\"preparacion-de-la-presente-declaracion-de-accesibilidad\" class=\"wp-block-heading\">Preparaci\u00f3n de la presente declaraci\u00f3n de accesibilidad<\/h2>\n\n\n\n<p>La presente declaraci\u00f3n fue preparada el 23 de febrero de 2023 y est\u00e1 basada en los Informes de Accesibilidad Web del <a href=\"https:\/\/administracionelectronica.gob.es\/pae_Home\/pae_Estrategias\/pae_Accesibilidad.html\" target=\"_blank\" rel=\"noopener\"><strong>Observatorio de Accesibilidad<\/strong><\/a>.<\/p>\n\n\n\n<p>La fecha de la \u00faltima revisi\u00f3n ha sido el 24 de mayo de 2023.<\/p>\n\n\n\n<h2 id=\"observaciones-y-datos-de-contacto\" class=\"wp-block-heading\">Observaciones y datos de contacto<\/h2>\n\n\n\n<p>Puede realizar <strong>comunicaciones<\/strong> sobre requisitos de accesibilidad (art\u00edculo 10.2 del RD 1112\/2018) como por ejemplo:<\/p>\n\n\n\n<ul class=\"wp-block-list\">\n<li>informar sobre cualquier posible incumplimiento por parte de este sitio web<\/li>\n\n\n\n<li>transmitir otras <strong>dificultades de acceso<\/strong> al contenido<\/li>\n\n\n\n<li>formular cualquier otra <strong>consulta o sugerencia de mejora<\/strong> relativa a la accesibilidad del sitio web<\/li>\n<\/ul>\n\n\n\n<p>a trav\u00e9s del correo electr\u00f3nico <a href=\"mailto:info@javajan.com\">info@javajan.com<\/a> indicando en el asunto el nombre de la p\u00e1gina.<\/p>\n\n\n\n<h2 id=\"contenido-opcional\" class=\"wp-block-heading\">Contenido opcional<\/h2>\n\n\n\n<p>Este sitio web:<\/p>\n\n\n\n<p>Se ha realizado utilizando HTML5 como lenguaje de marcado y hojas de estilo CSS 3 para su dise\u00f1o.<\/p>\n\n\n\n<p>Se ha dise\u00f1ado adapt\u00e1ndose a los est\u00e1ndares y normativas vigentes en relaci\u00f3n a la accesibilidad, cumpliendo con los puntos de verificaci\u00f3n de prioridad 2 (AA) definidos en la especificaci\u00f3n de Pautas de Accesibilidad al Contenido en la Web (WCAG 2.1).<\/p>\n\n\n\n<p>Cumple con los requisitos de la Norma <a href=\"https:\/\/administracionelectronica.gob.es\/pae_Home\/dam\/jcr:2352eaaf-2ee8-4501-a67b-bb682c6de934\/Norma_UNE-EN_301549.pdf\" target=\"_blank\" rel=\"noopener\">UNE-EN 301549 v1.1.2:2015<\/a>, considerando las excepciones del Real Decreto 1112\/2018.<\/p>\n\n\n\n<p>Est\u00e1 dise\u00f1ado para su correcta visualizaci\u00f3n en dispositivos de escritorio, tablet y m\u00f3viles para una resoluci\u00f3n m\u00ednima de <strong>1280&#215;1024<\/strong>.<\/p>\n","protected":false},"excerpt":{"rendered":"Serveis d\u2019Internet Javajan SL,&nbsp; se ha comprometido a hacer accesibles sus sitios web, de conformidad con el Real&hellip;\n","protected":false},"author":1,"featured_media":0,"parent":0,"menu_order":0,"comment_status":"closed","ping_status":"closed","template":"elementor_theme","meta":{"csco_display_header_overlay":false,"csco_page_header_type":"","csco_page_load_nextpost":"","csco_post_video_location":[],"csco_post_video_location_hash":"","csco_post_video_url":"","csco_post_video_bg_start_time":0,"csco_post_video_bg_end_time":0,"footnotes":""},"class_list":{"0":"post-2559","1":"page","2":"type-page","3":"status-publish","5":"cs-entry","6":"cs-video-wrap"},"_links":{"self":[{"href":"https:\/\/www.polsole.com\/es\/wp-json\/wp\/v2\/pages\/2559","targetHints":{"allow":["GET"]}}],"collection":[{"href":"https:\/\/www.polsole.com\/es\/wp-json\/wp\/v2\/pages"}],"about":[{"href":"https:\/\/www.polsole.com\/es\/wp-json\/wp\/v2\/types\/page"}],"author":[{"embeddable":true,"href":"https:\/\/www.polsole.com\/es\/wp-json\/wp\/v2\/users\/1"}],"replies":[{"embeddable":true,"href":"https:\/\/www.polsole.com\/es\/wp-json\/wp\/v2\/comments?post=2559"}],"version-history":[{"count":1,"href":"https:\/\/www.polsole.com\/es\/wp-json\/wp\/v2\/pages\/2559\/revisions"}],"predecessor-version":[{"id":3516,"href":"https:\/\/www.polsole.com\/es\/wp-json\/wp\/v2\/pages\/2559\/revisions\/3516"}],"wp:attachment":[{"href":"https:\/\/www.polsole.com\/es\/wp-json\/wp\/v2\/media?parent=2559"}],"curies":[{"name":"wp","href":"https:\/\/api.w.org\/{rel}","templated":true}]}}