{"id":2561,"date":"2025-08-18T18:23:48","date_gmt":"2025-08-18T16:23:48","guid":{"rendered":"https:\/\/www.polsole.com\/?page_id=2561"},"modified":"2025-11-11T16:03:37","modified_gmt":"2025-11-11T15:03:37","slug":"politica-de-privacidad","status":"publish","type":"page","link":"https:\/\/www.polsole.com\/es\/politica-de-privacidad\/","title":{"rendered":"Pol\u00edtica de privacidad"},"content":{"rendered":"\n<p><strong>INTRODUCCI\u00d3N<\/strong><\/p>\n\n\n\n<p>Su privacidad es importante para nosotros, as\u00ed que, mediante este documento, le explicamos qu\u00e9 datos recogemos de los usuarios, como los utilizamos y para qu\u00e9, entre otras indicaciones.&nbsp;<\/p>\n\n\n\n<p>Para su informaci\u00f3n, nunca pediremos m\u00e1s informaci\u00f3n de la que realmente necesitaremos para los servicios requeridos; nunca la compartiremos con terceros, excepto por obligaci\u00f3n legal o con su autorizaci\u00f3n previa; y nunca utilizaremos sus datos para otra finalidad no indicada previamente.<\/p>\n\n\n\n<p>Como usuario, deber\u00e1 leer atentamente esta Pol\u00edtica de privacidad de manera regular, y siempre que introduzca sus datos personales, ya que este documento puede sufrir modificaciones, ya que el prestador puede modificar cualquier tipo de informaci\u00f3n que pudiera aparecer en la web para cumplir con la normativa o actualizar la pol\u00edtica, y sin que exista la obligaci\u00f3n de preavisar o poner en conocimiento de los usuarios dichas obligaciones, siendo suficientes la publicaci\u00f3n en el sitio web del prestador.<\/p>\n\n\n\n<p><strong>RESPONSABLE DEL TRATAMIENTO:<\/strong><\/p>\n\n\n\n<p>Identidad: <strong>Pol Sol\u00e9 Sall\u00e9s<\/strong>(tambi\u00e9n el prestador)<\/p>\n\n\n\n<p>NIF: <strong>48044581L<\/strong><\/p>\n\n\n\n<p>Direcci\u00f3n postal: <strong>C\/Comer\u00e7 32 Manlleu<\/strong><\/p>\n\n\n\n<p>Correo electr\u00f3nico: <strong>pol.sole.salles@gmail.com<\/strong><\/p>\n\n\n\n<p><strong>Pol Sol\u00e9<\/strong>, como responsable del sitio web, de conformidad con lo dispuesto en el Reglamento (UE) 2016\/679 de 27 de abril de 2016 (RGPD) relativo a la protecci\u00f3n de las personas f\u00edsicas en lo que respecta al tratamiento de datos personales ya la libre circulaci\u00f3n de estos datos y dem\u00e1s normativa vigente en materia de protecci\u00f3n de datos personales, y por la Ley 34\/2002, de 11 de julio, de Servicios de la Sociedad de la Informaci\u00f3n y del Comercio Electr\u00f3nico (LSSICE), le informa que tiene implementadas las medidas de seguridad necesarias, de \u00edndole t\u00e9cnica y organizativas, para garantizar y proteger la confidencialidad, integridad y disponibilidad de los datos introducidos.<\/p>\n\n\n\n<p><strong>M\u00c9TODO DE OBTENCI\u00d3N DE LOS DATOS, QU\u00c9 DATOS RECABAMOS y SU FINALIDAD:<\/strong><\/p>\n\n\n\n<p>Los datos que recogemos, la forma en que los obtenemos y la finalidad del tratamiento es la siguiente:<\/p>\n\n\n\n<p>1. Registro del usuario:<\/p>\n\n\n\n<p><strong>No hay registro de usuario<\/strong><\/p>\n\n\n\n<p>Puede revocar en cualquier momento su consentimiento remitiendo un escrito con el asunto \u00abBaja\u00bb en el mail rese\u00f1ado.<\/p>\n\n\n\n<p>De acuerdo con la LSSICE, <strong>Pol Sol\u00e9<\/strong> no realiza pr\u00e1cticas de SPAM, por lo tanto, no env\u00eda correos comerciales por e-mail que no hayan sido previamente solicitados o autorizados por el Usuario. En consecuencia, en todas las comunicaciones que recibir\u00e1 del prestador, el usuario tiene la posibilidad de cancelar su consentimiento expreso para recibir nuestras comunicaciones.<\/p>\n\n\n\n<p>No trataremos sus datos personales para ning\u00fan otro fin de las descritas, excepto por obligaci\u00f3n legal o requerimiento judicial.<\/p>\n\n\n\n<p>No ser\u00e1 objeto de decisiones basadas en tratamientos automatizados que produzcan efectos sobre sus datos.<\/p>\n\n\n\n<p><strong>PLAZO DE CONSERVACI\u00d3N DE LOS DATOS:<\/strong><\/p>\n\n\n\n<p>Sus datos se conservar\u00e1n mientras dure la relaci\u00f3n comercial con nosotros o ejerce su derecho de cancelaci\u00f3n u oposici\u00f3n, o limitaci\u00f3n al tratamiento. Sin embargo, conservaremos sus datos en los plazos legalmente previstos en las disposiciones aplicables.<\/p>\n\n\n\n<p><strong>DESTINATARIOS DE CESIONES O TRANSFERENCIAS:<\/strong><\/p>\n\n\n\n<p><strong>Pol Sol\u00e9<\/strong> no lleva a cabo ninguna cesi\u00f3n o comunicaci\u00f3n de datos ni dentro ni fuera de la UE. El prestador \u00fanicamente facilitar\u00e1 informaci\u00f3n a las fuerzas y cuerpos de seguridad bajo orden judicial o por obligaci\u00f3n de una norma legal, sin perjuicio de poder bloquear o cancelar su cuenta si puede haber indicios de la comisi\u00f3n de alg\u00fan delito por parte del usuario. La informaci\u00f3n facilitada ser\u00e1 solo la que disponga en ese momento el prestador.<\/p>\n\n\n\n<p>La informaci\u00f3n que nos proporcione a trav\u00e9s de este sitio web ser\u00e1 alojada con <strong>Serveis d\u2019Internet Javajan SLU<\/strong> siendo encargada del tratamiento y que presta dicho servicio de gesti\u00f3n del software a <strong>Pol Sol\u00e9<\/strong> .&nbsp; El tratamiento de los datos de la entidad se encuentra regulado mediante un contrato de encargado del tratamiento entre el prestador y esta empresa.&nbsp;<\/p>\n\n\n\n<p><strong>DERECHOS DE LAS PERSONAS INTERESADAS:<\/strong><\/p>\n\n\n\n<p>Como usuario-interesado, puede solicitar el ejercicio de los siguientes derechos ante <strong>Pol Sol\u00e9<\/strong> presentando un escrito a la direcci\u00f3n postal del encabezamiento o enviando un correo electr\u00f3nico a <strong>info@polsole.com<\/strong>, indicando como Asunto: \u00abPROTECCI\u00d3N DE DATOS: DERECHOS DE LOS AFECTADOS\u201d.<\/p>\n\n\n\n<p>Derechos:<\/p>\n\n\n\n<ul class=\"wp-block-list\">\n<li>Derecho de acceso: permite al interesado conocer y obtener informaci\u00f3n sobre sus datos de car\u00e1cter personal sometidos a tratamiento.<\/li>\n\n\n\n<li>Derecho de rectificaci\u00f3n o supresi\u00f3n: permite corregir errores y modificar los datos que resulten ser inexactos o incompletos<\/li>\n\n\n\n<li>Derecho de cancelaci\u00f3n: permite que se supriman los datos que sean inadecuados o excesivos<\/li>\n\n\n\n<li>Derecho de oposici\u00f3n: derecho del interesado a que no se lleve a cabo el tratamiento de sus datos de car\u00e1cter personal o se cese en el mismo.\u00a0<\/li>\n\n\n\n<li>Limitaci\u00f3n del tratamiento: conlleva el marcado de los datos personales conservados, con el fin de limitar su futuro tratamiento, para el ejercicio o la defensa de reclamaciones.<\/li>\n\n\n\n<li>Portabilidad de los datos: facilitaci\u00f3n de los datos objeto de tratamiento al interesado, para que \u00e9ste pueda transmitir a otro responsable, sin impedimentos.<\/li>\n\n\n\n<li>Derecho a no ser objeto de decisiones individuales automatizadas (incluida la elaboraci\u00f3n de perfiles): derecho a no ser objeto de una decisi\u00f3n basada en el tratamiento automatizado que produzca efectos o afecte significativamente<\/li>\n<\/ul>\n\n\n\n<p>Como usuario, tiene derecho a retirar el consentimiento dado en cualquier momento. La retirada del consentimiento no afectar\u00e1 a la licitud del tratamiento efectuado antes de la retirada del consentimiento.<\/p>\n\n\n\n<p>Tambi\u00e9n tiene derecho a presentar una reclamaci\u00f3n ante la autoridad de control si considera que pueden haberse visto vulnerados sus derechos con relaci\u00f3n a la protecci\u00f3n de sus datos (aepd.es).<\/p>\n\n\n\n<p><strong>INFORMACI\u00d3N ADICIONAL<\/strong><\/p>\n\n\n\n<p>MEDIDAS DE SEGURIDAD:<\/p>\n\n\n\n<p>Los datos que nos facilite se tratar\u00e1n de forma confidencial. El prestador ha adoptado todas las medidas t\u00e9cnicas y organizativas y todos los niveles de protecci\u00f3n necesarios para garantizar la seguridad en el tratamiento de los datos y evitar su alteraci\u00f3n, p\u00e9rdida, robo, tratamiento o acceso no autorizado, de acuerdo al estado de la tecnolog\u00eda y naturaleza de los datos almacenados. Asimismo, se garantiza tambi\u00e9n que el tratamiento y registro en ficheros, programas, sistemas o equipos, locales y centros cumplen con los requisitos y condiciones de integridad y seguridad establecidas en la normativa vigente.<\/p>\n\n\n\n<p>IDIOMA<\/p>\n\n\n\n<p>El idioma aplicable a esta pol\u00edtica de privacidad es el castellano. Por tanto, en caso de que hubiera alguna contradicci\u00f3n en alguna de las versiones facilitadas en otros idiomas, prevalecer\u00e1 la versi\u00f3n en castellano.<\/p>\n\n\n\n<p>CAMBIOS EN LA PRESENTE POL\u00cdTICA DE PRIVACIDAD<\/p>\n\n\n\n<p><strong>Pol Sol\u00e9<\/strong> se reserva el derecho a modificar la presente pol\u00edtica para adaptarla a novedades legislativas o jurisprudenciales.<\/p>\n\n\n\n<p>REVOCABILIDAD<\/p>\n\n\n\n<p>El consentimiento prestado, tanto por el tratamiento como para la cesi\u00f3n de los datos de los interesados, es revocable en cualquier momento, comunic\u00e1ndolo a <strong>Pol Sol\u00e9 <\/strong>en los t\u00e9rminos establecidos en esta Pol\u00edtica para el ejercicio de los derechos. Esta revocaci\u00f3n en ning\u00fan caso tendr\u00e1 car\u00e1cter retroactivo.<\/p>\n\n\n\n<p>LEGISLACI\u00d3N<\/p>\n\n\n\n<p>Con car\u00e1cter general, las relaciones entre <strong>Pol Sol\u00e9<\/strong> con los Usuarios de sus servicios telem\u00e1ticos, presentes en esta web, est\u00e1n sometidos a la legislaci\u00f3n y jurisdicci\u00f3n espa\u00f1ola a la que se someten expresamente las partes, siendo competentes para la resoluci\u00f3n de todos los conflictos derivados o relacionados con su uso los Juzgados y Tribunales de Barcelona.<\/p>\n\n\n\n<p>COOKIES<\/p>\n\n\n\n<p>Esta p\u00e1gina web \u00fanicamente utiliza cookies que permiten el funcionamiento y la prestaci\u00f3n de los servicios ofrecidos en la misma y en su caso cookies propias con la \u00fanica finalidad de medir las audiencias de esta y, por tanto, consideradas exentas de consentimiento. Por ello, no se requiere, de acuerdo con el art\u00edculo 22 de la Ley de Servicios de la Sociedad de la Informaci\u00f3n, su consentimiento para su instalaci\u00f3n.<\/p>\n","protected":false},"excerpt":{"rendered":"INTRODUCCI\u00d3N Su privacidad es importante para nosotros, as\u00ed que, mediante este documento, le explicamos qu\u00e9 datos recogemos de&hellip;\n","protected":false},"author":1,"featured_media":0,"parent":0,"menu_order":0,"comment_status":"closed","ping_status":"closed","template":"elementor_theme","meta":{"csco_display_header_overlay":false,"csco_page_header_type":"","csco_page_load_nextpost":"","csco_post_video_location":[],"csco_post_video_location_hash":"","csco_post_video_url":"","csco_post_video_bg_start_time":0,"csco_post_video_bg_end_time":0,"footnotes":""},"class_list":{"0":"post-2561","1":"page","2":"type-page","3":"status-publish","5":"cs-entry","6":"cs-video-wrap"},"_links":{"self":[{"href":"https:\/\/www.polsole.com\/es\/wp-json\/wp\/v2\/pages\/2561","targetHints":{"allow":["GET"]}}],"collection":[{"href":"https:\/\/www.polsole.com\/es\/wp-json\/wp\/v2\/pages"}],"about":[{"href":"https:\/\/www.polsole.com\/es\/wp-json\/wp\/v2\/types\/page"}],"author":[{"embeddable":true,"href":"https:\/\/www.polsole.com\/es\/wp-json\/wp\/v2\/users\/1"}],"replies":[{"embeddable":true,"href":"https:\/\/www.polsole.com\/es\/wp-json\/wp\/v2\/comments?post=2561"}],"version-history":[{"count":1,"href":"https:\/\/www.polsole.com\/es\/wp-json\/wp\/v2\/pages\/2561\/revisions"}],"predecessor-version":[{"id":3517,"href":"https:\/\/www.polsole.com\/es\/wp-json\/wp\/v2\/pages\/2561\/revisions\/3517"}],"wp:attachment":[{"href":"https:\/\/www.polsole.com\/es\/wp-json\/wp\/v2\/media?parent=2561"}],"curies":[{"name":"wp","href":"https:\/\/api.w.org\/{rel}","templated":true}]}}