{"id":2563,"date":"2025-08-18T18:24:49","date_gmt":"2025-08-18T16:24:49","guid":{"rendered":"https:\/\/www.polsole.com\/?page_id=2563"},"modified":"2025-11-11T16:03:14","modified_gmt":"2025-11-11T15:03:14","slug":"politica-de-cookies","status":"publish","type":"page","link":"https:\/\/www.polsole.com\/es\/politica-de-cookies\/","title":{"rendered":"Pol\u00edtica de cookies"},"content":{"rendered":"\n<p><strong>INTRODUCCI\u00d3N<\/strong><\/p>\n\n\n\n<p>La web de <strong>Pol Sol\u00e9 <\/strong>utiliza cookies propias y de terceros. Una cookie es un archivo que se descarga en su ordenador al acceder a determinadas p\u00e1ginas web. Las cookies permiten a una p\u00e1gina web, entre otras finalidades, asegurar el correcto funcionamiento de la p\u00e1gina, permitir al Usuario un acceso m\u00e1s r\u00e1pido a los servicios seleccionados, almacenar y recuperar informaci\u00f3n sobre los h\u00e1bitos de navegaci\u00f3n de un usuario o de su equipo e incluso, dependiendo de la informaci\u00f3n que contengan y de la forma en que utilice su equipo, se pueden utilizar para reconocer al usuario. Las cookies se asocian \u00fanicamente a un usuario an\u00f3nimo y su ordenador o dispositivo y no proporcionan referencias que permitan conocer sus datos personales., salvo permiso expreso de aquel.<\/p>\n\n\n\n<p>El usuario puede, en todo momento, aceptar o rechazar las cookies instaladas que no sean estrictamente necesarias para el correcto funcionamiento de la web y el acceso al Usuario a sus servicios, a trav\u00e9s del panel de ajuste de cookies proporcionado en nuestra web. Asimismo, podr\u00e1 configurar su navegador en todo momento sin que ello perjudique la posibilidad del Usuario de acceder a los contenidos. Sin embargo, le informamos de que el rechazo de las cookies puede disminuir el buen funcionamiento de la web.<\/p>\n\n\n\n<h3 id=\"cookies-afectadas-por-la-normativa-y-cookies-exentas\" class=\"wp-block-heading\"><strong>COOKIES AFECTADAS POR LA NORMATIVA Y COOKIES EXENTAS<\/strong><\/h3>\n\n\n\n<p>Seg\u00fan la directiva de la UE, las cookies que requieren el consentimiento informado por parte del usuario son las cookies de anal\u00edtica, las de publicidad y afiliaci\u00f3n, quedando exceptuadas las de car\u00e1cter t\u00e9cnico y las necesarias para el funcionamiento del sitio web o la prestaci\u00f3n de servicios expresamente demandados por el usuario.<\/p>\n\n\n\n<p><strong>TIPO DE COOKIES<\/strong><\/p>\n\n\n\n<p>a) Seg\u00fan la entidad que las gestione, hay Cookies propias (aquellas que se env\u00edan al equipo terminal del usuario desde un equipo o dominio gestionado por el propio editor y desde el que se presta el servicio Solicitado por el usuario) y de terceros (las que se env\u00edan al equipo terminal del usuario desde un equipo o dominio que no es gestionado por el editor, sino por otra entidad que trata los datos obtenidos mediante las cookies).<\/p>\n\n\n\n<p>b) Seg\u00fan el tiempo que permanecen activas, est\u00e1n las de sesi\u00f3n (dise\u00f1adas para pedir y almacenar datos mientras el usuario accede a una p\u00e1gina web) y las persistentes (en que los datos se almacenan en el terminal y pueden ser accedidos y tratados durante un per\u00edodo definido por el responsable de la cookie -puede ir de unos minutos a varios a\u00f1os-).<\/p>\n\n\n\n<p>c) Seg\u00fan la finalidad para la que tratan la informaci\u00f3n que recopilan, pueden ser:<\/p>\n\n\n\n<ul class=\"wp-block-list\">\n<li>Cookies t\u00e9cnicas (necesarias para el uso de la web y la prestaci\u00f3n del servicio contratado),<\/li>\n\n\n\n<li>Cookies de personalizaci\u00f3n (que permiten al usuario acceder al servicio con caracter\u00edsticas predefinidas, tales como el idioma, tipo de navegador, configuraci\u00f3n regional, etc.)<\/li>\n\n\n\n<li>Cookies de an\u00e1lisis (recogen informaci\u00f3n del uso que se realiza de la web),<\/li>\n\n\n\n<li>Cookies publicitarias (recogen informaci\u00f3n sobre las preferencias y elecciones personales de los usuarios),<\/li>\n\n\n\n<li>Cookies de afiliados (permiten hacer un seguimiento de las visitas procedentes de otras webs, con las que el sitio web establece un contrato de afiliaci\u00f3n).<\/li>\n<\/ul>\n\n\n\n<h3 id=\"\" class=\"wp-block-heading\">&nbsp;<\/h3>\n\n\n\n<h3 id=\"cookies-exentas\" class=\"wp-block-heading\"><strong>COOKIES EXENTAS:&nbsp;<\/strong><\/h3>\n\n\n\n<p>Las que permiten \u00fanicamente la comunicaci\u00f3n entre el equipo del usuario y la red.&nbsp;<\/p>\n\n\n\n<p>Las estrictamente necesarias para prestar un servicio expresamente solicitado por el usuario.<\/p>\n\n\n\n<p>Asimismo, el GT29, en su Dictamen 4\/201210, ha interpretado que entre las cookies exceptuadas estar\u00edan aquellas que tienen por finalidad:<\/p>\n\n\n\n<ul class=\"wp-block-list\">\n<li>Cookies de \u201centrada del usuario\u201d (Las cookies de sesi\u00f3n y de entrada de usuario se suelen utilizar para rastrear las acciones del usuario al rellenar los formularios en l\u00ednea en varias p\u00e1ginas, o como cesta de la compra para hacer el seguimiento de los art\u00edculos que el usuario ha seleccionado al pulsar un bot\u00f3n)<\/li>\n\n\n\n<li>Cookies de autenticaci\u00f3n o identificaci\u00f3n de usuario (\u00fanicamente de sesi\u00f3n).<\/li>\n\n\n\n<li>Cookies de seguridad del usuario (Por ejemplo, las cookies utilizadas para detectar intentos err\u00f3neos y reiterados de conexi\u00f3n a un sitio web)<\/li>\n\n\n\n<li>Cookies de sesi\u00f3n de reproductor multimedia.<\/li>\n\n\n\n<li>Cookies de sesi\u00f3n para equilibrar la carga.<\/li>\n\n\n\n<li>Cookies de personalizaci\u00f3n de la interfaz de usuario.<\/li>\n\n\n\n<li>Determinadas cookies de complemento (plug-in) para intercambiar contenidos Sociales (La excepci\u00f3n s\u00f3lo se aplica para usuarios que han decidido mantener la sesi\u00f3n abierta)<\/li>\n<\/ul>\n\n\n\n<h3 id=\"tipo-de-cookies-utilizadas-para-este-sitio-web\" class=\"wp-block-heading\"><strong>TIPO DE COOKIES UTILIZADAS PARA ESTE SITIO WEB<\/strong><\/h3>\n\n\n\n<figure class=\"wp-block-table table\"><table class=\"has-fixed-layout\"><tbody><tr><td><span style=\"color: #212529;\">NOM<\/span>BRE<\/td><td><span style=\"color: #212529;\">FINALI<\/span>DAD<\/td><td><span style=\"color: #212529;\">CADUCIDAD<\/span><\/td><td><span style=\"color: #212529;\">TIPOS DE COOKIES<\/span><\/td><\/tr><tr><td>timezone<\/td><td>Europe\/Berlin zona horaria<\/td><td>Fin de sesi\u00f3n<\/td><td>Sesi\u00f3n<\/td><\/tr><tr><td>cpsession<\/td><td>%3akoTgNHGIMOTXEq6o%2c0388034b622827bb7126592d46064a38<\/td><td>Fin sesi\u00f3n<\/td><td>Sesi\u00f3n<\/td><\/tr><tr><td>moove_gdpr_popup<\/td><td>Carga de cookies y configuraci\u00f3n de cookies<\/td><td>Fin sesi\u00f3n<\/td><td>polesole.com<\/td><\/tr><tr><td>&nbsp;<\/td><td>&nbsp;<\/td><td>&nbsp;<\/td><td>&nbsp;<\/td><\/tr><\/tbody><\/table><\/figure>\n\n\n\n<h3 id=\"-2\" class=\"wp-block-heading\"><\/h3>\n\n\n\n<h3 id=\"revocacion\" class=\"wp-block-heading\"><strong>REVOCACI\u00d3N<\/strong><\/h3>\n\n\n\n<p>En todo momento podr\u00e1 acceder a la configuraci\u00f3n de su navegador aceptando o rechazando todas las cookies, o bien seleccionar aquellas que la instalaci\u00f3n admite y las que no, siguiendo uno de los siguientes procedimientos, que depende del navegador que utilice:<\/p>\n\n\n\n<p>Google Chrome (en el Men\u00fa Herramientas):<\/p>\n\n\n\n<p>Configuraci\u00f3n&gt; Mostrar opciones avanzadas&gt; Privacidad (Configuraci\u00f3n de contenido)&gt; Cookies:<\/p>\n\n\n\n<figure class=\"wp-block-embed\"><div class=\"wp-block-embed__wrapper\">\nhttps:\/\/support.google.com\/chrome\/answer\/95647?co=GENIE.Platform%3DDesktop&#038;hl=es\n<\/div><\/figure>\n\n\n\n<p>Microsoft Internet Explorer (en el Men\u00fa Herramientas):<\/p>\n\n\n\n<p>Opciones de Internet&gt; Privacidad&gt; Avanzada:<\/p>\n\n\n\n<figure class=\"wp-block-embed\"><div class=\"wp-block-embed__wrapper\">\nhttps:\/\/support.microsoft.com\/es-es\/help\/17442\/windows-internet-explorer-delete-manage-cookies\n<\/div><\/figure>\n\n\n\n<p>Firefox:<\/p>\n\n\n\n<p>Opciones&gt; Privacidad&gt; Cookies:<\/p>\n\n\n\n<figure class=\"wp-block-embed\"><div class=\"wp-block-embed__wrapper\">\nhttps:\/\/support.mozilla.org\/es\/kb\/habilitar-y-deshabilitar-cookies-sitios-web-rastrear-preferencias\n<\/div><\/figure>\n\n\n\n<p>Safari, iPad y iPhone:<\/p>\n\n\n\n<p>Preferencias&gt; Privacidad<\/p>\n\n\n\n<figure class=\"wp-block-embed\"><div class=\"wp-block-embed__wrapper\">\nhttps:\/\/support.apple.com\/kb\/ph21411?locale=es_ES\n<\/div><\/figure>\n\n\n\n<p>Opera:<\/p>\n\n\n\n<p>Configuraci\u00f3n&gt; Opciones&gt; Avanzada&gt; Cookies<\/p>\n\n\n\n<p>http:\/\/help.opera.com\/Windows\/12.00\/es-ES\/cookies.html<\/p>\n\n\n\n<p>Estos navegadores est\u00e1n sometidos a cambios o modificaciones, por lo que no podemos garantizar que se ajusten completamente a la versi\u00f3n de su navegador. Tambi\u00e9n puede ser que utilice otro navegador no contemplado en estos enlaces como Konqueror, Arora, Flock, etc. Para evitar estos desajustes, puede acceder directamente desde las opciones de su navegador, generalmente en el men\u00fa de \u00abOpciones\u00bb en la secci\u00f3n de \u00abPrivacidad\u00bb. (Por favor, consulte la ayuda de su navegador para m\u00e1s informaci\u00f3n).<\/p>\n\n\n\n<h3 id=\"-3\" class=\"wp-block-heading\"><\/h3>\n\n\n\n<h3 id=\"cambios-en-la-presente-politica-de-cookies\" class=\"wp-block-heading\"><strong>CAMBIOS EN LA PRESENTE POL\u00cdTICA DE COOKIES<\/strong><\/h3>\n\n\n\n<p><strong>Pol Sol\u00e9<\/strong> se reserva el derecho a modificar la presente pol\u00edtica para adaptarla a novedades legislativas o jurisprudenciales.<\/p>\n\n\n\n<h3 id=\"desactivacion-activacion-y-eliminacion-de-cookies\" class=\"wp-block-heading\"><strong>DESACTIVACI\u00d3N \/ ACTIVACI\u00d3N Y ELIMINACI\u00d3N DE COOKIES<\/strong><\/h3>\n\n\n\n<p>Para restringir o bloquear las cookies, se hace a trav\u00e9s de la configuraci\u00f3n del navegador.<\/p>\n\n\n\n<p>Si no desea que los sitios web pongan ninguna cookie en su equipo, puede adaptar la configuraci\u00f3n del navegador de modo que se le notifique antes de que se coloque ninguna cookie. Del mismo modo, puede adaptar la configuraci\u00f3n de forma que el navegador rechace todas las cookies, o \u00fanicamente las cookies de terceros. Tambi\u00e9n puede eliminar cualquiera de las cookies que ya se encuentren en el equipo. Recuerde que deber\u00e1 adaptarse por separado la configuraci\u00f3n de cada navegador y equipo que utilice.<\/p>\n\n\n\n<p>Recuerde que si no desea recibir cookies, ya no podremos garantizar que nuestro sitio web funcione como es debido. Quiz\u00e1 algunas funciones del sitio se pierdan y es posible que ya no pueda ver ciertos sitios web. Adem\u00e1s, rechazar las cookies no significa que ya no vaya a ver anuncios publicitarios. Simplemente, los anuncios no se ajustar\u00e1n a sus intereses y se repetir\u00e1n con m\u00e1s frecuencia.<\/p>\n\n\n\n<p>Cada navegador tiene un m\u00e9todo diferente para adaptar la configuraci\u00f3n. Si es necesario, consulte la funci\u00f3n de ayuda del navegador para establecer la configuraci\u00f3n correcta.<\/p>\n\n\n\n<p>Para desactivar las cookies en el tel\u00e9fono m\u00f3vil, consulte el manual del dispositivo para obtener m\u00e1s informaci\u00f3n.<\/p>\n\n\n\n<p>Puede obtener m\u00e1s informaci\u00f3n sobre las cookies en Internet, h<a href=\"http:\/\/www.aboutcookies.org\/\" target=\"_blank\" rel=\"noopener\">ttp:\/\/www.aboutcookies.org\/.<\/a><\/p>\n\n\n\n<p>Teniendo en cuenta la forma en que funciona Internet y los sitios web, no siempre contamos con informaci\u00f3n de las cookies que colocan terceras partes a trav\u00e9s de nuestro sitio web. Esto se aplica especialmente a casos en que la p\u00e1gina web contiene lo que se denominan elementos integrados: textos, documentos, im\u00e1genes o breves pel\u00edculas que se almacenan en otra parte, pero se muestran en nuestro sitio web o mediante el mismo.<\/p>\n\n\n\n<p>Por tanto, en caso de que se encuentre con este tipo de cookies en este sitio web y no est\u00e9n enumeradas en la lista anterior, le rogamos que nos lo comunique. O bien p\u00f3ngase en contacto directamente con el tercero para pedirle informaci\u00f3n sobre las cookies que coloca, la finalidad y la duraci\u00f3n de la cookie, y como ha garantizado su privacidad.<\/p>\n\n\n\n<h3 id=\"-4\" class=\"wp-block-heading\"><\/h3>\n\n\n\n<h3 id=\"informacion-relacionada-con-el-tratamiento-de-datos-personales-art-13-rgpd\" class=\"wp-block-heading\"><strong>INFORMACI\u00d3N RELACIONADA CON EL TRATAMIENTO DE DATOS PERSONALES (ART.13 RGPD)<\/strong><\/h3>\n\n\n\n<p><strong>\u00bfQui\u00e9n es el responsable del tratamiento de sus datos personales?<\/strong><\/p>\n\n\n\n<p><strong>Pol Sol\u00e9<\/strong> es el responsable del tratamiento de los datos personales que usted nos proporciona, sito en <strong>C\/Comer\u00e7 32 Manlleu<\/strong> y con <strong>48044581L<\/strong>. Tel\u00e9fono <strong>629840489<\/strong> y mail de contacto <strong>info@polsole.com<\/strong><\/p>\n\n\n\n<p><strong>\u00bfPara qu\u00e9 utilizamos sus datos personales?<\/strong><\/p>\n\n\n\n<p>La informaci\u00f3n recopilada a trav\u00e9s de las cookies propias (cookies de sesi\u00f3n y de entrada de usuario) se suelen utilizar para rastrear las acciones del usuario al rellenar los formularios en l\u00ednea en varias p\u00e1ginas, o como cesta de la compra para hacer el seguimiento de los art\u00edculos que el usuario ha seleccionado al pulsar un bot\u00f3n, o para personalizar la interfaz del usuario al visitar la p\u00e1gina web.<\/p>\n\n\n\n<p>La informaci\u00f3n recopilada a trav\u00e9s de las cookies de terceros es la siguiente:&nbsp;&nbsp;<\/p>\n\n\n\n<ul class=\"wp-block-list\">\n<li>A trav\u00e9s de las cookies anal\u00edticas se analizan sus h\u00e1bitos de navegaci\u00f3n para mejorar los servicios prestados;&nbsp;<\/li>\n\n\n\n<li>A trav\u00e9s de las cookies comportamentales se recoge informaci\u00f3n sobre las preferencias del usuario para gestionar los espacios publicitarios de la forma m\u00e1s eficaz posible; y&nbsp;<\/li>\n\n\n\n<li>A trav\u00e9s de las cookies publicitarias se mide el rendimiento de los anuncios y se proporcionan recomendaciones relativas a productos basadas en datos estad\u00edsticos.<\/li>\n<\/ul>\n\n\n\n<p>Para ver exactamente el uso de las cookies v\u00e9ase el cuadro sobre el uso de las cookies en esta web.<\/p>\n\n\n\n<p>\u00bfCu\u00e1l es la base legal para el tratamiento de sus datos personales?<\/p>\n\n\n\n<p>La legitimaci\u00f3n para el tratamiento de sus datos personales viene dada por su consentimiento, otorgado en el momento de ponerse en contacto con nosotros, para la utilizaci\u00f3n de cookies anal\u00edticas, comportamentales y publicitarias; para las cookies de sesi\u00f3n o personalizaci\u00f3n, la legitimaci\u00f3n para el tratamiento viene dada por el inter\u00e9s leg\u00edtimo del prestador (responsable del tratamiento).<\/p>\n\n\n\n<p>\u00bfA qui\u00e9n comunicamos sus datos?<\/p>\n\n\n\n<p>No se ceder\u00e1n ni comunicar\u00e1n datos a terceros, salvo por obligaci\u00f3n legal o a los terceros indicados en el caso de uso de cookies gestionadas por \u00e9stos.&nbsp;<\/p>\n\n\n\n<p>\u00bfCu\u00e1l es el plazo de conservaci\u00f3n de sus datos?<\/p>\n\n\n\n<p>El plazo de conservaci\u00f3n de los datos recogidos es el indicado en el cuadro sobre el uso de las cookies en esta web.<\/p>\n\n\n\n<p>\u00bfCu\u00e1les son sus derechos?<\/p>\n\n\n\n<p>Los derechos que amparan al usuario son los de acceso, rectificaci\u00f3n, supresi\u00f3n, portabilidad de los mismos, retirada del consentimiento (sin que ello afecte a la licitud del tratamiento otorgado previamente a su retirada), oposici\u00f3n al tratamiento, limitaci\u00f3n (en determinadas circunstancias) y a presentar una reclamaci\u00f3n ante la autoridad de control (la Agencia Espa\u00f1ola de protecci\u00f3n de datos, <a href=\"http:\/\/www.aepd.es\/\" target=\"_blank\" rel=\"noopener\">www.aepd.es<\/a>).&nbsp;<\/p>\n","protected":false},"excerpt":{"rendered":"INTRODUCCI\u00d3N La web de Pol Sol\u00e9 utiliza cookies propias y de terceros. Una cookie es un archivo que&hellip;\n","protected":false},"author":1,"featured_media":0,"parent":0,"menu_order":0,"comment_status":"closed","ping_status":"closed","template":"elementor_theme","meta":{"csco_display_header_overlay":false,"csco_page_header_type":"","csco_page_load_nextpost":"","csco_post_video_location":[],"csco_post_video_location_hash":"","csco_post_video_url":"","csco_post_video_bg_start_time":0,"csco_post_video_bg_end_time":0,"footnotes":""},"class_list":{"0":"post-2563","1":"page","2":"type-page","3":"status-publish","5":"cs-entry","6":"cs-video-wrap"},"_links":{"self":[{"href":"https:\/\/www.polsole.com\/es\/wp-json\/wp\/v2\/pages\/2563","targetHints":{"allow":["GET"]}}],"collection":[{"href":"https:\/\/www.polsole.com\/es\/wp-json\/wp\/v2\/pages"}],"about":[{"href":"https:\/\/www.polsole.com\/es\/wp-json\/wp\/v2\/types\/page"}],"author":[{"embeddable":true,"href":"https:\/\/www.polsole.com\/es\/wp-json\/wp\/v2\/users\/1"}],"replies":[{"embeddable":true,"href":"https:\/\/www.polsole.com\/es\/wp-json\/wp\/v2\/comments?post=2563"}],"version-history":[{"count":2,"href":"https:\/\/www.polsole.com\/es\/wp-json\/wp\/v2\/pages\/2563\/revisions"}],"predecessor-version":[{"id":3510,"href":"https:\/\/www.polsole.com\/es\/wp-json\/wp\/v2\/pages\/2563\/revisions\/3510"}],"wp:attachment":[{"href":"https:\/\/www.polsole.com\/es\/wp-json\/wp\/v2\/media?parent=2563"}],"curies":[{"name":"wp","href":"https:\/\/api.w.org\/{rel}","templated":true}]}}