{"id":2965,"date":"2025-08-18T14:53:00","date_gmt":"2025-08-18T12:53:00","guid":{"rendered":"https:\/\/www.polsole.com\/?page_id=2965"},"modified":"2026-03-08T15:02:05","modified_gmt":"2026-03-08T14:02:05","slug":"sobre-mi","status":"publish","type":"page","link":"https:\/\/www.polsole.com\/es\/sobre-mi\/","title":{"rendered":"Sobre mi"},"content":{"rendered":"\t\t<div data-elementor-type=\"wp-page\" data-elementor-id=\"2965\" class=\"elementor elementor-2965 elementor-2345\">\n\t\t\t\t<div class=\"elementor-element elementor-element-e00a7ca e-flex e-con-boxed e-con e-parent\" data-id=\"e00a7ca\" data-element_type=\"container\" data-e-type=\"container\">\n\t\t\t\t\t<div class=\"e-con-inner\">\n\t\t\t\t<div class=\"elementor-element elementor-element-5231afb elementor-widget elementor-widget-heading\" data-id=\"5231afb\" data-element_type=\"widget\" data-e-type=\"widget\" data-widget_type=\"heading.default\">\n\t\t\t\t\t<h1 id=\"pol-sole-fotograf-i-videograf-a-catalunya\" class=\"elementor-heading-title elementor-size-default\">Pol Sol\u00e9 \u2014 fot\u00f2graf i vide\u00f2graf a Catalunya<\/h1>\t\t\t\t<\/div>\n\t\t\t\t\t<\/div>\n\t\t\t\t<\/div>\n\t\t<div class=\"elementor-element elementor-element-3091688 e-flex e-con-boxed e-con e-parent\" data-id=\"3091688\" data-element_type=\"container\" data-e-type=\"container\">\n\t\t\t\t\t<div class=\"e-con-inner\">\n\t\t<div class=\"elementor-element elementor-element-e55d868 e-con-full e-transform e-flex e-con e-child\" data-id=\"e55d868\" data-element_type=\"container\" data-e-type=\"container\" data-settings=\"{&quot;_transform_translateY_effect&quot;:{&quot;unit&quot;:&quot;px&quot;,&quot;size&quot;:12,&quot;sizes&quot;:[]},&quot;_transform_translateX_effect&quot;:{&quot;unit&quot;:&quot;px&quot;,&quot;size&quot;:&quot;&quot;,&quot;sizes&quot;:[]},&quot;_transform_translateX_effect_tablet&quot;:{&quot;unit&quot;:&quot;px&quot;,&quot;size&quot;:&quot;&quot;,&quot;sizes&quot;:[]},&quot;_transform_translateX_effect_mobile&quot;:{&quot;unit&quot;:&quot;px&quot;,&quot;size&quot;:&quot;&quot;,&quot;sizes&quot;:[]},&quot;_transform_translateY_effect_tablet&quot;:{&quot;unit&quot;:&quot;px&quot;,&quot;size&quot;:&quot;&quot;,&quot;sizes&quot;:[]},&quot;_transform_translateY_effect_mobile&quot;:{&quot;unit&quot;:&quot;px&quot;,&quot;size&quot;:&quot;&quot;,&quot;sizes&quot;:[]}}\">\n\t\t\t\t<div class=\"elementor-element elementor-element-e43dfbd elementor-widget__width-inherit elementor-widget elementor-widget-text-editor\" data-id=\"e43dfbd\" data-element_type=\"widget\" data-e-type=\"widget\" data-widget_type=\"text-editor.default\">\n\t\t\t\t\t\t\t\t\t<p data-start=\"370\" data-end=\"569\">S\u00f3c <strong data-start=\"374\" data-end=\"386\">Pol Sol\u00e9<\/strong>, fot\u00f2graf i vide\u00f2graf especialitzat en la creaci\u00f3 de projectes visuals per marques, institucions, iniciatives culturals, esdeveniments esportius i projectes vinculats al m\u00f3n outdoor.<\/p>\n<p data-start=\"574\" data-end=\"742\">Treballo combinant fotografia i v\u00eddeo amb una mirada creativa i una direcci\u00f3 visual cuidada, buscant sempre imatges amb identitat pr\u00f2pia i coher\u00e8ncia amb cada projecte.<\/p>\n<p data-start=\"747\" data-end=\"1045\">Al llarg dels anys he desenvolupat projectes en diversos \u00e0mbits, com la fotografia corporativa, les&nbsp;<a href=\"https:\/\/www.polsole.com\/ca\/cultura-arts-esceniques\/\" target=\"_blank\"><b>arts esc\u00e8niques<\/b><\/a>, l\u2019<a href=\"https:\/\/www.polsole.com\/ca\/esport-outdoor\/\" target=\"_blank\"><b>esport<\/b><\/a>&nbsp;i el&nbsp;<a href=\"https:\/\/www.polsole.com\/ca\/documental\/\" target=\"_blank\"><b>documental<\/b><\/a>, treballant amb&nbsp;<a href=\"https:\/\/www.polsole.com\/ca\/marques-empreses\/\" target=\"_blank\"><b>marques, empreses, institucions<\/b><\/a>&nbsp;i creadors que necessiten comunicar visualment els seus projectes amb sensibilitat i criteri professional.<\/p>\n<p data-start=\"1050\" data-end=\"1255\">Com a freelance, m\u2019agrada adaptar-me a les necessitats de cada projecte, entenent-ne el context i els objectius per construir peces visuals que aportin valor i ajudin a explicar cada hist\u00f2ria amb claredat.<\/p>\n<p data-start=\"1260\" data-end=\"1427\">Desenvolupo projectes de fotografia i v\u00eddeo amb base entre <strong data-start=\"1319\" data-end=\"1341\">Barcelona i Girona<\/strong>, treballant habitualment a <strong data-start=\"1369\" data-end=\"1426\">tot Catalunya, Espanya i tamb\u00e9 a nivell internacional<\/strong>.<\/p>\t\t\t\t\t\t\t\t<\/div>\n\t\t\t\t<\/div>\n\t\t<div class=\"elementor-element elementor-element-7f5e6dd e-con-full e-flex e-con e-child\" data-id=\"7f5e6dd\" data-element_type=\"container\" data-e-type=\"container\">\n\t\t\t\t<div class=\"elementor-element elementor-element-b01d4ce elementor-widget-tablet__width-inherit elementor-widget elementor-widget-image\" data-id=\"b01d4ce\" data-element_type=\"widget\" data-e-type=\"widget\" data-widget_type=\"image.default\">\n\t\t\t\t\t\t\t\t\t\t\t\t\t\t\t<img fetchpriority=\"high\" decoding=\"async\" width=\"1920\" height=\"1280\" src=\"https:\/\/www.polsole.com\/wp-content\/uploads\/2026\/02\/Pol-2.jpg\" class=\"attachment-full size-full wp-image-4048\" alt=\"Pol Sol\u00e9 fot\u00f2graf i vide\u00f2graf a Catalunya\" srcset=\"https:\/\/www.polsole.com\/wp-content\/uploads\/2026\/02\/Pol-2.jpg 1920w, https:\/\/www.polsole.com\/wp-content\/uploads\/2026\/02\/Pol-2-300x200.jpg 300w, https:\/\/www.polsole.com\/wp-content\/uploads\/2026\/02\/Pol-2-1024x683.jpg 1024w, https:\/\/www.polsole.com\/wp-content\/uploads\/2026\/02\/Pol-2-768x512.jpg 768w, https:\/\/www.polsole.com\/wp-content\/uploads\/2026\/02\/Pol-2-1536x1024.jpg 1536w, https:\/\/www.polsole.com\/wp-content\/uploads\/2026\/02\/Pol-2-200x133.jpg 200w, https:\/\/www.polsole.com\/wp-content\/uploads\/2026\/02\/Pol-2-380x253.jpg 380w, https:\/\/www.polsole.com\/wp-content\/uploads\/2026\/02\/Pol-2-580x387.jpg 580w, https:\/\/www.polsole.com\/wp-content\/uploads\/2026\/02\/Pol-2-1160x773.jpg 1160w\" sizes=\"(max-width: 1920px) 100vw, 1920px\" \/>\t\t\t\t\t\t\t\t\t\t\t\t\t\t\t<\/div>\n\t\t\t\t<\/div>\n\t\t\t\t\t<\/div>\n\t\t\t\t<\/div>\n\t\t<div class=\"elementor-element elementor-element-613fcb9 e-flex e-con-boxed e-con e-parent\" data-id=\"613fcb9\" data-element_type=\"container\" data-e-type=\"container\">\n\t\t\t\t\t<div class=\"e-con-inner\">\n\t\t\t\t<div class=\"elementor-element elementor-element-b5f53ab elementor-widget elementor-widget-video\" data-id=\"b5f53ab\" data-element_type=\"widget\" data-e-type=\"widget\" data-settings=\"{&quot;video_type&quot;:&quot;vimeo&quot;,&quot;mute&quot;:&quot;yes&quot;,&quot;loop&quot;:&quot;yes&quot;}\" data-widget_type=\"video.default\">\n\t\t\t\t\t\t\t<div class=\"elementor-wrapper elementor-open-inline\">\n\t\t\t<iframe class=\"elementor-video-iframe\" allowfullscreen allow=\"clipboard-write\" title=\"Reproductor de v\u00eddeo vimeo\" src=\"https:\/\/player.vimeo.com\/video\/1083188355?color&amp;autopause=0&amp;loop=1&amp;muted=1&amp;title=0&amp;portrait=1&amp;byline=0#t=\"><\/iframe>\t\t<\/div>\n\t\t\t\t\t\t<\/div>\n\t\t\t\t\t<\/div>\n\t\t\t\t<\/div>\n\t\t\t\t<\/div>\n\t\t","protected":false},"excerpt":{"rendered":"Pol Sol\u00e9 \u2014 fot\u00f2graf i vide\u00f2graf a Catalunya S\u00f3c Pol Sol\u00e9, fot\u00f2graf i vide\u00f2graf especialitzat en la creaci\u00f3&hellip;\n","protected":false},"author":1,"featured_media":0,"parent":0,"menu_order":0,"comment_status":"closed","ping_status":"closed","template":"elementor_header_footer","meta":{"csco_display_header_overlay":false,"csco_page_header_type":"","csco_page_load_nextpost":"","csco_post_video_location":[],"csco_post_video_location_hash":"","csco_post_video_url":"","csco_post_video_bg_start_time":0,"csco_post_video_bg_end_time":0,"footnotes":""},"class_list":{"0":"post-2965","1":"page","2":"type-page","3":"status-publish","5":"cs-entry","6":"cs-video-wrap"},"_links":{"self":[{"href":"https:\/\/www.polsole.com\/es\/wp-json\/wp\/v2\/pages\/2965","targetHints":{"allow":["GET"]}}],"collection":[{"href":"https:\/\/www.polsole.com\/es\/wp-json\/wp\/v2\/pages"}],"about":[{"href":"https:\/\/www.polsole.com\/es\/wp-json\/wp\/v2\/types\/page"}],"author":[{"embeddable":true,"href":"https:\/\/www.polsole.com\/es\/wp-json\/wp\/v2\/users\/1"}],"replies":[{"embeddable":true,"href":"https:\/\/www.polsole.com\/es\/wp-json\/wp\/v2\/comments?post=2965"}],"version-history":[{"count":125,"href":"https:\/\/www.polsole.com\/es\/wp-json\/wp\/v2\/pages\/2965\/revisions"}],"predecessor-version":[{"id":5460,"href":"https:\/\/www.polsole.com\/es\/wp-json\/wp\/v2\/pages\/2965\/revisions\/5460"}],"wp:attachment":[{"href":"https:\/\/www.polsole.com\/es\/wp-json\/wp\/v2\/media?parent=2965"}],"curies":[{"name":"wp","href":"https:\/\/api.w.org\/{rel}","templated":true}]}}